{"id":543,"date":"2024-04-28T15:19:22","date_gmt":"2024-04-28T14:19:22","guid":{"rendered":"https:\/\/djsamuelmann.com\/?page_id=543"},"modified":"2024-04-30T11:08:18","modified_gmt":"2024-04-30T10:08:18","slug":"teoria-del-dj-proximamente","status":"publish","type":"page","link":"https:\/\/djsamuelmann.com\/es\/dj-theory-coming-soon\/","title":{"rendered":"Teoria Como DJ"},"content":{"rendered":"\n[et_pb_section fb_built=&#8221;1&#8243; _builder_version=&#8221;4.24.3&#8243; _module_preset=&#8221;default&#8221; overflow-x=&#8221;visible&#8221; overflow-y=&#8221;visible&#8221; custom_padding=&#8221;9px||2px|||&#8221; global_module=&#8221;158&#8243; saved_tabs=&#8221;all&#8221; global_colors_info=&#8221;{}&#8221;][et_pb_row _builder_version=&#8221;4.24.3&#8243; _module_preset=&#8221;default&#8221; z_index=&#8221;500&#8243; overflow-x=&#8221;visible&#8221; overflow-y=&#8221;visible&#8221; custom_margin_tablet=&#8221;&#8221; custom_margin_phone=&#8221;-30px||||false|false&#8221; custom_margin_last_edited=&#8221;on|phone&#8221; custom_padding=&#8221;||11px|||&#8221; global_colors_info=&#8221;{}&#8221;][et_pb_column type=&#8221;4_4&#8243; _builder_version=&#8221;4.24.3&#8243; _module_preset=&#8221;default&#8221; global_colors_info=&#8221;{}&#8221;][dsm_perspective_image src=&#8221;https:\/\/eadn-wc01-12973765.nxedge.io\/wp-content\/uploads\/2024\/04\/DJ-Logo-6.jpg&#8221; alt=&#8221;DJ Samuel Mann Logo&#8221; title_text=&#8221;DJ-Logo-6&#8243; url=&#8221;https:\/\/djsamuelmann.com&#8221; align=&#8221;center&#8221; _builder_version=&#8221;4.24.3&#8243; _module_preset=&#8221;default&#8221; transform_scale_last_edited=&#8221;off|desktop&#8221; transform_translate_last_edited=&#8221;off|desktop&#8221; transform_rotate_last_edited=&#8221;off|desktop&#8221; transform_skew_last_edited=&#8221;off|desktop&#8221; transform_origin_last_edited=&#8221;off|desktop&#8221; transform_styles_last_edited=&#8221;off|desktop&#8221; width=&#8221;18%&#8221; width_tablet=&#8221;&#8221; width_phone=&#8221;60%&#8221; width_last_edited=&#8221;on|phone&#8221; global_colors_info=&#8221;{}&#8221;][\/dsm_perspective_image][et_pb_menu menu_style=&#8221;centered&#8221; dropdown_menu_line_color=&#8221;#000000&#8243; dropdown_menu_active_link_color=&#8221;#0C71C3&#8243; logo_max_width=&#8221;20%&#8221; logo_max_width_tablet=&#8221;28%&#8221; logo_max_width_phone=&#8221;44%&#8221; logo_max_width_last_edited=&#8221;on|tablet&#8221; logo_height_tablet=&#8221;&#8221; logo_height_phone=&#8221;&#8221; logo_height_last_edited=&#8221;on|phone&#8221; _builder_version=&#8221;4.24.3&#8243; _module_preset=&#8221;default&#8221; positioning=&#8221;relative&#8221; z_index=&#8221;500&#8243; width=&#8221;100%&#8221; overflow-x=&#8221;visible&#8221; overflow-y=&#8221;visible&#8221; custom_margin_tablet=&#8221;&#8221; custom_margin_phone=&#8221;||0px||false|false&#8221; custom_margin_last_edited=&#8221;on|phone&#8221; custom_padding_tablet=&#8221;&#8221; custom_padding_phone=&#8221;15px||18px||false|false&#8221; custom_padding_last_edited=&#8221;on|phone&#8221; global_colors_info=&#8221;{}&#8221;][\/et_pb_menu][\/et_pb_column][\/et_pb_row][\/et_pb_section][et_pb_section fb_built=&#8221;1&#8243; specialty=&#8221;on&#8221; _builder_version=&#8221;4.24.3&#8243; _module_preset=&#8221;default&#8221; background_enable_color=&#8221;off&#8221; background_image=&#8221;https:\/\/eadn-wc01-12973765.nxedge.io\/wp-content\/uploads\/2024\/04\/fa8a000e-85c1-476b-8513-5e01bc3295c5.jpg&#8221; module_alignment=&#8221;center&#8221; custom_margin=&#8221;-3px|0px||0px|false|false&#8221; custom_padding=&#8221;3px|0px|919px|0px|false|false&#8221; top_divider_style=&#8221;wave&#8221; top_divider_color=&#8221;#FFFFFF&#8221; top_divider_height=&#8221;46px&#8221; top_divider_flip=&#8221;horizontal&#8221; bottom_divider_color=&#8221;#FFFFFF&#8221; bottom_divider_height=&#8221;45px&#8221; hover_enabled=&#8221;0&#8243; background_last_edited=&#8221;on|phone&#8221; parallax_phone=&#8221;off&#8221; parallax_method_phone=&#8221;off&#8221; background_size_phone=&#8221;contain&#8221; background_image_width_phone=&#8221;0%&#8221; background_image_height_phone=&#8221;0%&#8221; background_repeat_phone=&#8221;no-repeat&#8221; border_style_bottom=&#8221;none&#8221; saved_tabs=&#8221;all&#8221; global_colors_info=&#8221;{}&#8221; background_position_phone=&#8221;top_center&#8221; background_vertical_offset_phone=&#8221;0%&#8221; top_divider_style_last_edited=&#8221;on|phone&#8221; top_divider_style_phone=&#8221;none&#8221; sticky_enabled=&#8221;0&#8243; custom_padding_last_edited=&#8221;on|desktop&#8221; custom_padding_phone=&#8221;3px|0px|147px|0px|false|false&#8221; top_divider_style_tablet=&#8221;wave&#8221; custom_padding_tablet=&#8221;3px|0px|919px|0px|false|false&#8221;][et_pb_column type=&#8221;1_2&#8243; _builder_version=&#8221;4.16&#8243; custom_padding=&#8221;|||&#8221; global_colors_info=&#8221;{}&#8221; custom_padding__hover=&#8221;|||&#8221;][et_pb_divider show_divider=&#8221;off&#8221; _builder_version=&#8221;4.24.3&#8243; _module_preset=&#8221;default&#8221; custom_margin=&#8221;-58px|||||&#8221; global_colors_info=&#8221;{}&#8221;][\/et_pb_divider][\/et_pb_column][et_pb_column type=&#8221;1_2&#8243; specialty_columns=&#8221;2&#8243; _builder_version=&#8221;4.16&#8243; custom_padding=&#8221;|||&#8221; global_colors_info=&#8221;{}&#8221; custom_padding__hover=&#8221;|||&#8221;][\/et_pb_column][\/et_pb_section]\n","protected":false},"excerpt":{"rendered":"<div class=\"et_pb_module dsm_perspective_image dsm_perspective_image_0\">\n\t\t\t\t\n\t\t\t\t\n\t\t\t\t\n\t\t\t\t\n\t\t\t\t\n\t\t\t\t\n\t\t\t\t<div class=\"et_pb_module_inner\">\n\t\t\t\t\t<div class=\"dsm-perspective-image-wrapper et_always_center_on_mobile\">\n\t\t\t\t\n\t\t\t\t\n\t\t\t\t<a href=\"https:\/\/djsamuelmann.com\/es\/\" class=\"\" data-dsm-lightbox-id=\"dsm_perspective_image_0\"><span class=\"et_pb_image_wrap\"><img decoding=\"async\" src=\"https:\/\/eadn-wc01-12973765.nxedge.io\/wp-content\/uploads\/2024\/04\/DJ-Logo-6.jpg\" alt=\"Logotipo de DJ Samuel Mann\" title=\"DJ-Logo-6\" \/><\/span><\/a>\n\t\t\t<\/div>\n\t\t\t\t<\/div>\n\t\t\t<\/div>","protected":false},"author":1,"featured_media":569,"parent":0,"menu_order":0,"comment_status":"closed","ping_status":"closed","template":"","meta":{"_et_pb_use_builder":"on","_et_pb_old_content":"","_et_gb_content_width":"","footnotes":""},"class_list":["post-543","page","type-page","status-publish","has-post-thumbnail","hentry"],"yoast_head":"<!-- This site is optimized with the Yoast SEO plugin v27.0 - https:\/\/yoast.com\/product\/yoast-seo-wordpress\/ -->\n<title>DJ Theory - DJ Samuel Mann<\/title>\n<meta name=\"description\" content=\"Coming Soon - Tango DJ Theory with insights and expertise from DJ Samuel Mann. Learn which software &amp; hardware to use, and how to use it...\" \/>\n<meta name=\"robots\" content=\"index, follow, max-snippet:-1, max-image-preview:large, max-video-preview:-1\" \/>\n<link rel=\"canonical\" href=\"https:\/\/djsamuelmann.com\/es\/teoria-del-dj-proximamente\/\" \/>\n<meta property=\"og:locale\" content=\"es_ES\" \/>\n<meta property=\"og:type\" content=\"article\" \/>\n<meta property=\"og:title\" content=\"DJ Theory - DJ Samuel Mann\" \/>\n<meta property=\"og:description\" content=\"Coming Soon - Tango DJ Theory with insights and expertise from DJ Samuel Mann. Learn which software &amp; hardware to use, and how to use it...\" \/>\n<meta property=\"og:url\" content=\"https:\/\/djsamuelmann.com\/es\/teoria-del-dj-proximamente\/\" \/>\n<meta property=\"og:site_name\" content=\"DJ Samuel Mann\" \/>\n<meta property=\"article:publisher\" content=\"https:\/\/www.facebook.com\/mannsamuelj\" \/>\n<meta property=\"article:modified_time\" content=\"2024-04-30T10:08:18+00:00\" \/>\n<meta property=\"og:image\" content=\"https:\/\/eadn-wc01-12973765.nxedge.io\/wp-content\/uploads\/2024\/04\/DJ-Logo-6.jpg\" \/>\n\t<meta property=\"og:image:width\" content=\"250\" \/>\n\t<meta property=\"og:image:height\" content=\"269\" \/>\n\t<meta property=\"og:image:type\" content=\"image\/jpeg\" \/>\n<meta name=\"twitter:card\" content=\"summary_large_image\" \/>\n<meta name=\"twitter:label1\" content=\"Tiempo de lectura\" \/>\n\t<meta name=\"twitter:data1\" content=\"1 minuto\" \/>\n<script type=\"application\/ld+json\" class=\"yoast-schema-graph\">{\"@context\":\"https:\/\/schema.org\",\"@graph\":[{\"@type\":\"WebPage\",\"@id\":\"https:\/\/djsamuelmann.com\/dj-theory-coming-soon\/\",\"url\":\"https:\/\/djsamuelmann.com\/dj-theory-coming-soon\/\",\"name\":\"DJ Theory - DJ Samuel Mann\",\"isPartOf\":{\"@id\":\"https:\/\/djsamuelmann.com\/#website\"},\"primaryImageOfPage\":{\"@id\":\"https:\/\/djsamuelmann.com\/dj-theory-coming-soon\/#primaryimage\"},\"image\":{\"@id\":\"https:\/\/djsamuelmann.com\/dj-theory-coming-soon\/#primaryimage\"},\"thumbnailUrl\":\"https:\/\/eadn-wc01-12973765.nxedge.io\/wp-content\/uploads\/2024\/04\/DJ-Logo-6.jpg\",\"datePublished\":\"2024-04-28T14:19:22+00:00\",\"dateModified\":\"2024-04-30T10:08:18+00:00\",\"description\":\"Coming Soon - Tango DJ Theory with insights and expertise from DJ Samuel Mann. Learn which software & hardware to use, and how to use it...\",\"breadcrumb\":{\"@id\":\"https:\/\/djsamuelmann.com\/dj-theory-coming-soon\/#breadcrumb\"},\"inLanguage\":\"es-AR\",\"potentialAction\":[{\"@type\":\"ReadAction\",\"target\":[\"https:\/\/djsamuelmann.com\/dj-theory-coming-soon\/\"]}]},{\"@type\":\"ImageObject\",\"inLanguage\":\"es-AR\",\"@id\":\"https:\/\/djsamuelmann.com\/dj-theory-coming-soon\/#primaryimage\",\"url\":\"https:\/\/eadn-wc01-12973765.nxedge.io\/wp-content\/uploads\/2024\/04\/DJ-Logo-6.jpg\",\"contentUrl\":\"https:\/\/eadn-wc01-12973765.nxedge.io\/wp-content\/uploads\/2024\/04\/DJ-Logo-6.jpg\",\"width\":250,\"height\":269},{\"@type\":\"BreadcrumbList\",\"@id\":\"https:\/\/djsamuelmann.com\/dj-theory-coming-soon\/#breadcrumb\",\"itemListElement\":[{\"@type\":\"ListItem\",\"position\":1,\"name\":\"Home\",\"item\":\"https:\/\/djsamuelmann.com\/\"},{\"@type\":\"ListItem\",\"position\":2,\"name\":\"DJ Theory\"}]},{\"@type\":\"WebSite\",\"@id\":\"https:\/\/djsamuelmann.com\/#website\",\"url\":\"https:\/\/djsamuelmann.com\/\",\"name\":\"DJ Samuel Mann\",\"description\":\"Tango DJ &amp; Organiser\",\"publisher\":{\"@id\":\"https:\/\/djsamuelmann.com\/#organization\"},\"potentialAction\":[{\"@type\":\"SearchAction\",\"target\":{\"@type\":\"EntryPoint\",\"urlTemplate\":\"https:\/\/djsamuelmann.com\/?s={search_term_string}\"},\"query-input\":{\"@type\":\"PropertyValueSpecification\",\"valueRequired\":true,\"valueName\":\"search_term_string\"}}],\"inLanguage\":\"es-AR\"},{\"@type\":\"Organization\",\"@id\":\"https:\/\/djsamuelmann.com\/#organization\",\"name\":\"DJ Samuel Mann\",\"url\":\"https:\/\/djsamuelmann.com\/\",\"logo\":{\"@type\":\"ImageObject\",\"inLanguage\":\"es-AR\",\"@id\":\"https:\/\/djsamuelmann.com\/#\/schema\/logo\/image\/\",\"url\":\"https:\/\/eadn-wc01-12973765.nxedge.io\/wp-content\/uploads\/2024\/04\/DJ-Logo-2-v2-1-e1712954939440.png\",\"contentUrl\":\"https:\/\/eadn-wc01-12973765.nxedge.io\/wp-content\/uploads\/2024\/04\/DJ-Logo-2-v2-1-e1712954939440.png\",\"width\":783,\"height\":832,\"caption\":\"DJ Samuel Mann\"},\"image\":{\"@id\":\"https:\/\/djsamuelmann.com\/#\/schema\/logo\/image\/\"},\"sameAs\":[\"https:\/\/www.facebook.com\/mannsamuelj\",\"https:\/\/www.instagram.com\/samuelmann_\/\"]}]}<\/script>\n<!-- \/ Yoast SEO plugin. -->","yoast_head_json":{"title":"Teor\u00eda del DJ - DJ Samuel Mann","description":"Pr\u00f3ximamente: Tango DJ Theory, con los conocimientos y la experiencia del DJ Samuel Mann. Aprende qu\u00e9 software y hardware utilizar, y c\u00f3mo hacerlo...","robots":{"index":"index","follow":"follow","max-snippet":"max-snippet:-1","max-image-preview":"max-image-preview:large","max-video-preview":"max-video-preview:-1"},"canonical":"https:\/\/djsamuelmann.com\/es\/teoria-del-dj-proximamente\/","og_locale":"es_ES","og_type":"article","og_title":"DJ Theory - DJ Samuel Mann","og_description":"Coming Soon - Tango DJ Theory with insights and expertise from DJ Samuel Mann. Learn which software & hardware to use, and how to use it...","og_url":"https:\/\/djsamuelmann.com\/es\/teoria-del-dj-proximamente\/","og_site_name":"DJ Samuel Mann","article_publisher":"https:\/\/www.facebook.com\/mannsamuelj","article_modified_time":"2024-04-30T10:08:18+00:00","og_image":[{"width":250,"height":269,"url":"https:\/\/eadn-wc01-12973765.nxedge.io\/wp-content\/uploads\/2024\/04\/DJ-Logo-6.jpg","type":"image\/jpeg"}],"twitter_card":"summary_large_image","twitter_misc":{"Tiempo de lectura":"1 minuto"},"schema":{"@context":"https:\/\/schema.org","@graph":[{"@type":"WebPage","@id":"https:\/\/djsamuelmann.com\/dj-theory-coming-soon\/","url":"https:\/\/djsamuelmann.com\/dj-theory-coming-soon\/","name":"Teor\u00eda del DJ - DJ Samuel Mann","isPartOf":{"@id":"https:\/\/djsamuelmann.com\/#website"},"primaryImageOfPage":{"@id":"https:\/\/djsamuelmann.com\/dj-theory-coming-soon\/#primaryimage"},"image":{"@id":"https:\/\/djsamuelmann.com\/dj-theory-coming-soon\/#primaryimage"},"thumbnailUrl":"https:\/\/eadn-wc01-12973765.nxedge.io\/wp-content\/uploads\/2024\/04\/DJ-Logo-6.jpg","datePublished":"2024-04-28T14:19:22+00:00","dateModified":"2024-04-30T10:08:18+00:00","description":"Pr\u00f3ximamente: Tango DJ Theory, con los conocimientos y la experiencia del DJ Samuel Mann. Aprende qu\u00e9 software y hardware utilizar, y c\u00f3mo hacerlo...","breadcrumb":{"@id":"https:\/\/djsamuelmann.com\/dj-theory-coming-soon\/#breadcrumb"},"inLanguage":"es-AR","potentialAction":[{"@type":"ReadAction","target":["https:\/\/djsamuelmann.com\/dj-theory-coming-soon\/"]}]},{"@type":"ImageObject","inLanguage":"es-AR","@id":"https:\/\/djsamuelmann.com\/dj-theory-coming-soon\/#primaryimage","url":"https:\/\/eadn-wc01-12973765.nxedge.io\/wp-content\/uploads\/2024\/04\/DJ-Logo-6.jpg","contentUrl":"https:\/\/eadn-wc01-12973765.nxedge.io\/wp-content\/uploads\/2024\/04\/DJ-Logo-6.jpg","width":250,"height":269},{"@type":"BreadcrumbList","@id":"https:\/\/djsamuelmann.com\/dj-theory-coming-soon\/#breadcrumb","itemListElement":[{"@type":"ListItem","position":1,"name":"Home","item":"https:\/\/djsamuelmann.com\/"},{"@type":"ListItem","position":2,"name":"DJ Theory"}]},{"@type":"WebSite","@id":"https:\/\/djsamuelmann.com\/#website","url":"https:\/\/djsamuelmann.com\/","name":"DJ Samuel Mann","description":"DJ y organizador de tango","publisher":{"@id":"https:\/\/djsamuelmann.com\/#organization"},"potentialAction":[{"@type":"SearchAction","target":{"@type":"EntryPoint","urlTemplate":"https:\/\/djsamuelmann.com\/?s={search_term_string}"},"query-input":{"@type":"PropertyValueSpecification","valueRequired":true,"valueName":"search_term_string"}}],"inLanguage":"es-AR"},{"@type":"Organization","@id":"https:\/\/djsamuelmann.com\/#organization","name":"DJ Samuel Mann","url":"https:\/\/djsamuelmann.com\/","logo":{"@type":"ImageObject","inLanguage":"es-AR","@id":"https:\/\/djsamuelmann.com\/#\/schema\/logo\/image\/","url":"https:\/\/eadn-wc01-12973765.nxedge.io\/wp-content\/uploads\/2024\/04\/DJ-Logo-2-v2-1-e1712954939440.png","contentUrl":"https:\/\/eadn-wc01-12973765.nxedge.io\/wp-content\/uploads\/2024\/04\/DJ-Logo-2-v2-1-e1712954939440.png","width":783,"height":832,"caption":"DJ Samuel Mann"},"image":{"@id":"https:\/\/djsamuelmann.com\/#\/schema\/logo\/image\/"},"sameAs":["https:\/\/www.facebook.com\/mannsamuelj","https:\/\/www.instagram.com\/samuelmann_\/"]}]}},"_links":{"self":[{"href":"https:\/\/djsamuelmann.com\/es\/wp-json\/wp\/v2\/pages\/543","targetHints":{"allow":["GET"]}}],"collection":[{"href":"https:\/\/djsamuelmann.com\/es\/wp-json\/wp\/v2\/pages"}],"about":[{"href":"https:\/\/djsamuelmann.com\/es\/wp-json\/wp\/v2\/types\/page"}],"author":[{"embeddable":true,"href":"https:\/\/djsamuelmann.com\/es\/wp-json\/wp\/v2\/users\/1"}],"replies":[{"embeddable":true,"href":"https:\/\/djsamuelmann.com\/es\/wp-json\/wp\/v2\/comments?post=543"}],"version-history":[{"count":5,"href":"https:\/\/djsamuelmann.com\/es\/wp-json\/wp\/v2\/pages\/543\/revisions"}],"predecessor-version":[{"id":589,"href":"https:\/\/djsamuelmann.com\/es\/wp-json\/wp\/v2\/pages\/543\/revisions\/589"}],"wp:featuredmedia":[{"embeddable":true,"href":"https:\/\/djsamuelmann.com\/es\/wp-json\/wp\/v2\/media\/569"}],"wp:attachment":[{"href":"https:\/\/djsamuelmann.com\/es\/wp-json\/wp\/v2\/media?parent=543"}],"curies":[{"name":"wp","href":"https:\/\/api.w.org\/{rel}","templated":true}]}}